{"id":1397,"date":"2025-05-12T11:02:40","date_gmt":"2025-05-12T08:02:40","guid":{"rendered":"https:\/\/confidex.lv\/sazinieties-ar-mums\/"},"modified":"2026-03-26T16:06:57","modified_gmt":"2026-03-26T14:06:57","slug":"sazinieties-ar-mums","status":"publish","type":"page","link":"https:\/\/confidex.lv\/lv\/sazinieties-ar-mums\/","title":{"rendered":"Sazinieties ar mums"},"content":{"rendered":"\t\t<div data-elementor-type=\"wp-page\" data-elementor-id=\"1397\" class=\"elementor elementor-1397 elementor-169\" data-elementor-post-type=\"page\">\n\t\t\t\t<div class=\"elementor-element elementor-element-16bbfacd e-con-full e-flex e-con e-parent\" data-id=\"16bbfacd\" data-element_type=\"container\" data-e-type=\"container\" data-settings=\"{&quot;background_background&quot;:&quot;classic&quot;}\">\n\t\t<div class=\"elementor-element elementor-element-14ccc4a0 e-con-full e-flex e-con e-child\" data-id=\"14ccc4a0\" data-element_type=\"container\" data-e-type=\"container\" data-settings=\"{&quot;background_background&quot;:&quot;classic&quot;}\">\n\t\t\t\t<div class=\"elementor-element elementor-element-74aef088 elementor-widget elementor-widget-heading\" data-id=\"74aef088\" data-element_type=\"widget\" data-e-type=\"widget\" data-widget_type=\"heading.default\">\n\t\t\t\t<div class=\"elementor-widget-container\">\n\t\t\t\t\t<h1 class=\"elementor-heading-title elementor-size-default\">J\u016bsu virz\u012bba uz priek\u0161u s\u0101kas \u0161eit<\/h1>\t\t\t\t<\/div>\n\t\t\t\t<\/div>\n\t\t\t\t<div class=\"elementor-element elementor-element-2f150b1b elementor-widget elementor-widget-heading\" data-id=\"2f150b1b\" data-element_type=\"widget\" data-e-type=\"widget\" data-widget_type=\"heading.default\">\n\t\t\t\t<div class=\"elementor-widget-container\">\n\t\t\t\t\t<p class=\"elementor-heading-title elementor-size-default\">Ja p\u0101rvad\u0101jat \u0161\u0137idras beztaras kravas, v\u0113laties ieg\u0101d\u0101ties konteinerus vai mekl\u0113jat lab\u0101kus veidus, k\u0101 koordin\u0113t dzelzce\u013ca, autotransporta un ostas procesus, j\u016bs esat \u012bstaj\u0101 viet\u0101.<\/p>\t\t\t\t<\/div>\n\t\t\t\t<\/div>\n\t\t\t\t<div class=\"elementor-element elementor-element-22abd6d elementor-widget elementor-widget-heading\" data-id=\"22abd6d\" data-element_type=\"widget\" data-e-type=\"widget\" data-widget_type=\"heading.default\">\n\t\t\t\t<div class=\"elementor-widget-container\">\n\t\t\t\t\t<p class=\"elementor-heading-title elementor-size-default\">Izmantojiet veidlapu, rakstiet mums vai vienk\u0101r\u0161i piezvaniet. Lai k\u0101 j\u016bs m\u016bs uzrun\u0101tu, atbild\u0113sim ar skaidr\u012bbu, \u0101trumu un risin\u0101jumu.\nJo m\u0113s ne tikai p\u0101rvad\u0101jam kravas. M\u0113s virz\u0101m uz\u0146\u0113m\u0113jdarb\u012bbu uz priek\u0161u.<\/p>\t\t\t\t<\/div>\n\t\t\t\t<\/div>\n\t\t\t\t<\/div>\n\t\t<div class=\"elementor-element elementor-element-2ed24146 e-con-full e-flex e-con e-child\" data-id=\"2ed24146\" data-element_type=\"container\" data-e-type=\"container\">\n\t\t\t\t<div class=\"elementor-element elementor-element-525312fc elementor-button-align-start elementor-tablet-button-align-center elementor-widget elementor-widget-form\" data-id=\"525312fc\" data-element_type=\"widget\" data-e-type=\"widget\" data-settings=\"{&quot;step_next_label&quot;:&quot;N\\u0101kamais&quot;,&quot;step_previous_label&quot;:&quot;Iepriek\\u0161\\u0113jais&quot;,&quot;button_width&quot;:&quot;100&quot;,&quot;step_type&quot;:&quot;number_text&quot;,&quot;step_icon_shape&quot;:&quot;circle&quot;}\" data-widget_type=\"form.default\">\n\t\t\t\t<div class=\"elementor-widget-container\">\n\t\t\t\t\t\t\t<form class=\"elementor-form\" method=\"post\" name=\"Sazi\u0146as veidlapa\" aria-label=\"Sazi\u0146as veidlapa\">\n\t\t\t<input type=\"hidden\" name=\"post_id\" value=\"1397\"\/>\n\t\t\t<input type=\"hidden\" name=\"form_id\" value=\"525312fc\"\/>\n\t\t\t<input type=\"hidden\" name=\"referer_title\" value=\"Sazinieties ar Confidex Logistics\" \/>\n\n\t\t\t\t\t\t\t<input type=\"hidden\" name=\"queried_id\" value=\"1397\"\/>\n\t\t\t\n\t\t\t<div class=\"elementor-form-fields-wrapper elementor-labels-\">\n\t\t\t\t\t\t\t\t<div class=\"elementor-field-type-text elementor-field-group elementor-column elementor-field-group-name elementor-col-50 elementor-field-required\">\n\t\t\t\t\t\t\t\t\t\t\t\t<label for=\"form-field-name\" class=\"elementor-field-label elementor-screen-only\">\n\t\t\t\t\t\t\t\tV\u0101rds\t\t\t\t\t\t\t<\/label>\n\t\t\t\t\t\t\t\t\t\t\t\t\t\t<input size=\"1\" type=\"text\" name=\"form_fields[name]\" id=\"form-field-name\" class=\"elementor-field elementor-size-sm  elementor-field-textual\" placeholder=\"V\u0101rds*\" required=\"required\">\n\t\t\t\t\t\t\t\t\t\t\t<\/div>\n\t\t\t\t\t\t\t\t<div class=\"elementor-field-type-text elementor-field-group elementor-column elementor-field-group-field_b743cd7 elementor-col-50 elementor-field-required\">\n\t\t\t\t\t\t\t\t\t\t\t\t<label for=\"form-field-field_b743cd7\" class=\"elementor-field-label elementor-screen-only\">\n\t\t\t\t\t\t\t\tUzv\u0101rds\t\t\t\t\t\t\t<\/label>\n\t\t\t\t\t\t\t\t\t\t\t\t\t\t<input size=\"1\" type=\"text\" name=\"form_fields[field_b743cd7]\" id=\"form-field-field_b743cd7\" class=\"elementor-field elementor-size-sm  elementor-field-textual\" placeholder=\"Uzv\u0101rds*\" required=\"required\">\n\t\t\t\t\t\t\t\t\t\t\t<\/div>\n\t\t\t\t\t\t\t\t<div class=\"elementor-field-type-text elementor-field-group elementor-column elementor-field-group-field_6c180a9 elementor-col-50 elementor-field-required\">\n\t\t\t\t\t\t\t\t\t\t\t\t<label for=\"form-field-field_6c180a9\" class=\"elementor-field-label elementor-screen-only\">\n\t\t\t\t\t\t\t\tUz\u0146\u0113muma nosaukums\t\t\t\t\t\t\t<\/label>\n\t\t\t\t\t\t\t\t\t\t\t\t\t\t<input size=\"1\" type=\"text\" name=\"form_fields[field_6c180a9]\" id=\"form-field-field_6c180a9\" class=\"elementor-field elementor-size-sm  elementor-field-textual\" placeholder=\"Uz\u0146\u0113muma nosaukums*\" required=\"required\">\n\t\t\t\t\t\t\t\t\t\t\t<\/div>\n\t\t\t\t\t\t\t\t<div class=\"elementor-field-type-tel elementor-field-group elementor-column elementor-field-group-field_9a94315 elementor-col-50 elementor-field-required\">\n\t\t\t\t\t\t\t\t\t\t\t\t<label for=\"form-field-field_9a94315\" class=\"elementor-field-label elementor-screen-only\">\n\t\t\t\t\t\t\t\tT\u0101lru\u0146a numurs\t\t\t\t\t\t\t<\/label>\n\t\t\t\t\t\t\t\t<input size=\"1\" type=\"tel\" name=\"form_fields[field_9a94315]\" id=\"form-field-field_9a94315\" class=\"elementor-field elementor-size-sm  elementor-field-textual\" placeholder=\"T\u0101lru\u0146a numurs*\" required=\"required\" pattern=\"[0-9()#&amp;+*-=.]+\" title=\"Only numbers and phone characters (#, -, *, etc) are accepted.\">\n\n\t\t\t\t\t\t<\/div>\n\t\t\t\t\t\t\t\t<div class=\"elementor-field-type-email elementor-field-group elementor-column elementor-field-group-email elementor-col-100 elementor-field-required\">\n\t\t\t\t\t\t\t\t\t\t\t\t<label for=\"form-field-email\" class=\"elementor-field-label elementor-screen-only\">\n\t\t\t\t\t\t\t\tE-pasta adrese\t\t\t\t\t\t\t<\/label>\n\t\t\t\t\t\t\t\t\t\t\t\t\t\t<input size=\"1\" type=\"email\" name=\"form_fields[email]\" id=\"form-field-email\" class=\"elementor-field elementor-size-sm  elementor-field-textual\" placeholder=\"E-pasta adrese*\" required=\"required\">\n\t\t\t\t\t\t\t\t\t\t\t<\/div>\n\t\t\t\t\t\t\t\t<div class=\"elementor-field-type-checkbox elementor-field-group elementor-column elementor-field-group-field_9247e0d elementor-col-50\">\n\t\t\t\t\t\t\t\t\t\t\t\t<label for=\"form-field-field_9247e0d\" class=\"elementor-field-label elementor-screen-only\">\n\t\t\t\t\t\t\t\tPakalpojumi\t\t\t\t\t\t\t<\/label>\n\t\t\t\t\t\t<div class=\"elementor-field-subgroup  \"><span class=\"elementor-field-option\"><input type=\"checkbox\" value=\"Fleksitanki\" id=\"form-field-field_9247e0d-0\" name=\"form_fields[field_9247e0d][]\"> <label for=\"form-field-field_9247e0d-0\">Fleksitanki<\/label><\/span><span class=\"elementor-field-option\"><input type=\"checkbox\" value=\"Konteineru p\u0101rdo\u0161ana\" id=\"form-field-field_9247e0d-1\" name=\"form_fields[field_9247e0d][]\"> <label for=\"form-field-field_9247e0d-1\">Konteineru p\u0101rdo\u0161ana<\/label><\/span><span class=\"elementor-field-option\"><input type=\"checkbox\" value=\"\u0122ener\u0101lkravas\" id=\"form-field-field_9247e0d-2\" name=\"form_fields[field_9247e0d][]\"> <label for=\"form-field-field_9247e0d-2\">\u0122ener\u0101lkravas<\/label><\/span><span class=\"elementor-field-option\"><input type=\"checkbox\" value=\"Vagonu pieg\u0101de\" id=\"form-field-field_9247e0d-3\" name=\"form_fields[field_9247e0d][]\"> <label for=\"form-field-field_9247e0d-3\">Vagonu pieg\u0101de<\/label><\/span><span class=\"elementor-field-option\"><input type=\"checkbox\" value=\"Noliktavas pakalpojumi\" id=\"form-field-field_9247e0d-4\" name=\"form_fields[field_9247e0d][]\"> <label for=\"form-field-field_9247e0d-4\">Noliktavas pakalpojumi<\/label><\/span><\/div>\t\t\t\t<\/div>\n\t\t\t\t\t\t\t\t<div class=\"elementor-field-type-checkbox elementor-field-group elementor-column elementor-field-group-field_42e558f elementor-col-50\">\n\t\t\t\t\t\t\t\t\t\t\t\t<label for=\"form-field-field_42e558f\" class=\"elementor-field-label elementor-screen-only\">\n\t\t\t\t\t\t\t\tPakalpojumi 2\t\t\t\t\t\t\t<\/label>\n\t\t\t\t\t\t<div class=\"elementor-field-subgroup  \"><span class=\"elementor-field-option\"><input type=\"checkbox\" value=\"Beramkravu konteineru ielikt\u0146i\" id=\"form-field-field_42e558f-0\" name=\"form_fields[field_42e558f][]\"> <label for=\"form-field-field_42e558f-0\">Beramkravu konteineru ielikt\u0146i<\/label><\/span><span class=\"elementor-field-option\"><input type=\"checkbox\" value=\"Dzelzce\u013ca kravu p\u0101rvad\u0101jumi\" id=\"form-field-field_42e558f-1\" name=\"form_fields[field_42e558f][]\"> <label for=\"form-field-field_42e558f-1\">Dzelzce\u013ca kravu p\u0101rvad\u0101jumi<\/label><\/span><span class=\"elementor-field-option\"><input type=\"checkbox\" value=\"Autop\u0101rvad\u0101jumi\" id=\"form-field-field_42e558f-2\" name=\"form_fields[field_42e558f][]\"> <label for=\"form-field-field_42e558f-2\">Autop\u0101rvad\u0101jumi<\/label><\/span><span class=\"elementor-field-option\"><input type=\"checkbox\" value=\"J\u016bras kravu p\u0101rvad\u0101jumi\" id=\"form-field-field_42e558f-3\" name=\"form_fields[field_42e558f][]\"> <label for=\"form-field-field_42e558f-3\">J\u016bras kravu p\u0101rvad\u0101jumi<\/label><\/span><span class=\"elementor-field-option\"><input type=\"checkbox\" value=\"Gaisa kravu p\u0101rvad\u0101jumi\" id=\"form-field-field_42e558f-4\" name=\"form_fields[field_42e558f][]\"> <label for=\"form-field-field_42e558f-4\">Gaisa kravu p\u0101rvad\u0101jumi<\/label><\/span><\/div>\t\t\t\t<\/div>\n\t\t\t\t\t\t\t\t<div class=\"elementor-field-type-textarea elementor-field-group elementor-column elementor-field-group-message elementor-col-100 elementor-field-required\">\n\t\t\t\t\t\t\t\t\t\t\t\t<label for=\"form-field-message\" class=\"elementor-field-label elementor-screen-only\">\n\t\t\t\t\t\t\t\tZi\u0146a\t\t\t\t\t\t\t<\/label>\n\t\t\t\t\t\t<textarea class=\"elementor-field-textual elementor-field  elementor-size-sm\" name=\"form_fields[message]\" id=\"form-field-message\" rows=\"4\" placeholder=\"Zi\u0146a*\" required=\"required\"><\/textarea>\t\t\t\t<\/div>\n\t\t\t\t\t\t\t\t<div class=\"elementor-field-type-recaptcha_v3 elementor-field-group elementor-column elementor-field-group-field_0eecb70 elementor-col-100 recaptcha_v3-bottomright\">\n\t\t\t\t\t<div class=\"elementor-field\" id=\"form-field-field_0eecb70\"><div class=\"elementor-g-recaptcha\" data-sitekey=\"6Ldba34rAAAAAOA3xBhSqTt9hrz7FiQlVj9eSbmP\" data-type=\"v3\" data-action=\"Form\" data-badge=\"bottomright\" data-size=\"invisible\"><\/div><\/div>\t\t\t\t<\/div>\n\t\t\t\t\t\t\t\t<div class=\"elementor-field-type-text\">\n\t\t\t\t\t<input size=\"1\" type=\"text\" name=\"form_fields[field_2037822]\" id=\"form-field-field_2037822\" class=\"elementor-field elementor-size-sm \" style=\"display:none !important;\">\t\t\t\t<\/div>\n\t\t\t\t\t\t\t\t<div class=\"elementor-field-group elementor-column elementor-field-type-submit elementor-col-100 e-form__buttons\">\n\t\t\t\t\t<button class=\"elementor-button elementor-size-sm\" type=\"submit\">\n\t\t\t\t\t\t<span class=\"elementor-button-content-wrapper\">\n\t\t\t\t\t\t\t\t\t\t\t\t\t\t\t\t\t\t\t\t\t\t<span class=\"elementor-button-text\">Nos\u016bt\u012bt<\/span>\n\t\t\t\t\t\t\t\t\t\t\t\t\t<\/span>\n\t\t\t\t\t<\/button>\n\t\t\t\t<\/div>\n\t\t\t<\/div>\n\t\t<\/form>\n\t\t\t\t\t\t<\/div>\n\t\t\t\t<\/div>\n\t\t\t\t<\/div>\n\t\t\t\t<\/div>\n\t\t<div class=\"elementor-element elementor-element-5d0b060b e-flex e-con-boxed e-con e-parent\" data-id=\"5d0b060b\" data-element_type=\"container\" data-e-type=\"container\" data-settings=\"{&quot;background_background&quot;:&quot;classic&quot;}\">\n\t\t\t\t\t<div class=\"e-con-inner\">\n\t\t\t\t\t<\/div>\n\t\t\t\t<\/div>\n\t\t\t\t<\/div>\n\t\t","protected":false},"excerpt":{"rendered":"<p>J\u016bsu virz\u012bba uz priek\u0161u s\u0101kas \u0161eit Ja p\u0101rvad\u0101jat \u0161\u0137idras beztaras kravas, v\u0113laties ieg\u0101d\u0101ties konteinerus vai mekl\u0113jat lab\u0101kus veidus, k\u0101 koordin\u0113t dzelzce\u013ca, autotransporta un ostas procesus, j\u016bs esat \u012bstaj\u0101 viet\u0101. Izmantojiet veidlapu, rakstiet mums vai vienk\u0101r\u0161i piezvaniet. Lai k\u0101 j\u016bs m\u016bs uzrun\u0101tu, atbild\u0113sim ar skaidr\u012bbu, \u0101trumu un risin\u0101jumu. Jo m\u0113s ne tikai p\u0101rvad\u0101jam kravas. M\u0113s virz\u0101m [&hellip;]<\/p>\n","protected":false},"author":1,"featured_media":0,"parent":0,"menu_order":0,"comment_status":"closed","ping_status":"closed","template":"elementor_header_footer","meta":{"content-type":"","postBodyCss":"","postBodyMargin":[],"postBodyPadding":[],"postBodyBackground":{"backgroundType":"classic","gradient":""},"footnotes":""},"class_list":["post-1397","page","type-page","status-publish","hentry"],"yoast_head":"<!-- This site is optimized with the Yoast SEO plugin v27.3 - https:\/\/yoast.com\/product\/yoast-seo-wordpress\/ -->\n<title>Sazinieties ar Confidex Logistics<\/title>\n<meta name=\"description\" content=\"Sazinieties ar Confidex Logistics, lai sa\u0146emtu individu\u0101li piel\u0101gotu kravu eksped\u012bcijas risin\u0101jumu pa autoce\u013ciem, dzelzce\u013cu vai j\u016bru.\" \/>\n<meta name=\"robots\" content=\"index, follow, max-snippet:-1, max-image-preview:large, max-video-preview:-1\" \/>\n<link rel=\"canonical\" href=\"https:\/\/confidex.lv\/lv\/sazinieties-ar-mums\/\" \/>\n<meta property=\"og:locale\" content=\"lv_LV\" \/>\n<meta property=\"og:type\" content=\"article\" \/>\n<meta property=\"og:title\" content=\"Sazinieties ar Confidex Logistics\" \/>\n<meta property=\"og:description\" content=\"Sazinieties ar Confidex Logistics, lai sa\u0146emtu individu\u0101li piel\u0101gotu kravu eksped\u012bcijas risin\u0101jumu pa autoce\u013ciem, dzelzce\u013cu vai j\u016bru.\" \/>\n<meta property=\"og:url\" content=\"https:\/\/confidex.lv\/lv\/sazinieties-ar-mums\/\" \/>\n<meta property=\"og:site_name\" content=\"Confidex Logistics\" \/>\n<meta property=\"article:publisher\" content=\"https:\/\/www.facebook.com\/confidexlogistics\" \/>\n<meta property=\"article:modified_time\" content=\"2026-03-26T14:06:57+00:00\" \/>\n<meta name=\"twitter:card\" content=\"summary_large_image\" \/>\n<script type=\"application\/ld+json\" class=\"yoast-schema-graph\">{\"@context\":\"https:\\\/\\\/schema.org\",\"@graph\":[{\"@type\":\"WebPage\",\"@id\":\"https:\\\/\\\/confidex.lv\\\/lv\\\/sazinieties-ar-mums\\\/\",\"url\":\"https:\\\/\\\/confidex.lv\\\/lv\\\/sazinieties-ar-mums\\\/\",\"name\":\"Sazinieties ar Confidex Logistics\",\"isPartOf\":{\"@id\":\"https:\\\/\\\/confidex.lv\\\/lv\\\/#website\"},\"datePublished\":\"2025-05-12T08:02:40+00:00\",\"dateModified\":\"2026-03-26T14:06:57+00:00\",\"description\":\"Sazinieties ar Confidex Logistics, lai sa\u0146emtu individu\u0101li piel\u0101gotu kravu eksped\u012bcijas risin\u0101jumu pa autoce\u013ciem, dzelzce\u013cu vai j\u016bru.\",\"breadcrumb\":{\"@id\":\"https:\\\/\\\/confidex.lv\\\/lv\\\/sazinieties-ar-mums\\\/#breadcrumb\"},\"inLanguage\":\"lv-LV\",\"potentialAction\":[{\"@type\":\"ReadAction\",\"target\":[\"https:\\\/\\\/confidex.lv\\\/lv\\\/sazinieties-ar-mums\\\/\"]}]},{\"@type\":\"BreadcrumbList\",\"@id\":\"https:\\\/\\\/confidex.lv\\\/lv\\\/sazinieties-ar-mums\\\/#breadcrumb\",\"itemListElement\":[{\"@type\":\"ListItem\",\"position\":1,\"name\":\"Home\",\"item\":\"https:\\\/\\\/confidex.lv\\\/lv\\\/sakums\\\/\"},{\"@type\":\"ListItem\",\"position\":2,\"name\":\"Sazinieties ar mums\"}]},{\"@type\":\"WebSite\",\"@id\":\"https:\\\/\\\/confidex.lv\\\/lv\\\/#website\",\"url\":\"https:\\\/\\\/confidex.lv\\\/lv\\\/\",\"name\":\"Confidex Logistics\",\"description\":\"From The Baltics To The World\",\"publisher\":{\"@id\":\"https:\\\/\\\/confidex.lv\\\/lv\\\/#organization\"},\"potentialAction\":[{\"@type\":\"SearchAction\",\"target\":{\"@type\":\"EntryPoint\",\"urlTemplate\":\"https:\\\/\\\/confidex.lv\\\/lv\\\/?s={search_term_string}\"},\"query-input\":{\"@type\":\"PropertyValueSpecification\",\"valueRequired\":true,\"valueName\":\"search_term_string\"}}],\"inLanguage\":\"lv-LV\"},{\"@type\":\"Organization\",\"@id\":\"https:\\\/\\\/confidex.lv\\\/lv\\\/#organization\",\"name\":\"Confidex Logistics\",\"url\":\"https:\\\/\\\/confidex.lv\\\/lv\\\/\",\"logo\":{\"@type\":\"ImageObject\",\"inLanguage\":\"lv-LV\",\"@id\":\"https:\\\/\\\/confidex.lv\\\/lv\\\/#\\\/schema\\\/logo\\\/image\\\/\",\"url\":\"https:\\\/\\\/confidex.lv\\\/wp-content\\\/uploads\\\/2025\\\/05\\\/Blue-Orange.png\",\"contentUrl\":\"https:\\\/\\\/confidex.lv\\\/wp-content\\\/uploads\\\/2025\\\/05\\\/Blue-Orange.png\",\"width\":2124,\"height\":541,\"caption\":\"Confidex Logistics\"},\"image\":{\"@id\":\"https:\\\/\\\/confidex.lv\\\/lv\\\/#\\\/schema\\\/logo\\\/image\\\/\"},\"sameAs\":[\"https:\\\/\\\/www.facebook.com\\\/confidexlogistics\",\"https:\\\/\\\/www.linkedin.com\\\/company\\\/confidex-logistics\\\/\"]}]}<\/script>\n<!-- \/ Yoast SEO plugin. -->","yoast_head_json":{"title":"Sazinieties ar Confidex Logistics","description":"Sazinieties ar Confidex Logistics, lai sa\u0146emtu individu\u0101li piel\u0101gotu kravu eksped\u012bcijas risin\u0101jumu pa autoce\u013ciem, dzelzce\u013cu vai j\u016bru.","robots":{"index":"index","follow":"follow","max-snippet":"max-snippet:-1","max-image-preview":"max-image-preview:large","max-video-preview":"max-video-preview:-1"},"canonical":"https:\/\/confidex.lv\/lv\/sazinieties-ar-mums\/","og_locale":"lv_LV","og_type":"article","og_title":"Sazinieties ar Confidex Logistics","og_description":"Sazinieties ar Confidex Logistics, lai sa\u0146emtu individu\u0101li piel\u0101gotu kravu eksped\u012bcijas risin\u0101jumu pa autoce\u013ciem, dzelzce\u013cu vai j\u016bru.","og_url":"https:\/\/confidex.lv\/lv\/sazinieties-ar-mums\/","og_site_name":"Confidex Logistics","article_publisher":"https:\/\/www.facebook.com\/confidexlogistics","article_modified_time":"2026-03-26T14:06:57+00:00","twitter_card":"summary_large_image","schema":{"@context":"https:\/\/schema.org","@graph":[{"@type":"WebPage","@id":"https:\/\/confidex.lv\/lv\/sazinieties-ar-mums\/","url":"https:\/\/confidex.lv\/lv\/sazinieties-ar-mums\/","name":"Sazinieties ar Confidex Logistics","isPartOf":{"@id":"https:\/\/confidex.lv\/lv\/#website"},"datePublished":"2025-05-12T08:02:40+00:00","dateModified":"2026-03-26T14:06:57+00:00","description":"Sazinieties ar Confidex Logistics, lai sa\u0146emtu individu\u0101li piel\u0101gotu kravu eksped\u012bcijas risin\u0101jumu pa autoce\u013ciem, dzelzce\u013cu vai j\u016bru.","breadcrumb":{"@id":"https:\/\/confidex.lv\/lv\/sazinieties-ar-mums\/#breadcrumb"},"inLanguage":"lv-LV","potentialAction":[{"@type":"ReadAction","target":["https:\/\/confidex.lv\/lv\/sazinieties-ar-mums\/"]}]},{"@type":"BreadcrumbList","@id":"https:\/\/confidex.lv\/lv\/sazinieties-ar-mums\/#breadcrumb","itemListElement":[{"@type":"ListItem","position":1,"name":"Home","item":"https:\/\/confidex.lv\/lv\/sakums\/"},{"@type":"ListItem","position":2,"name":"Sazinieties ar mums"}]},{"@type":"WebSite","@id":"https:\/\/confidex.lv\/lv\/#website","url":"https:\/\/confidex.lv\/lv\/","name":"Confidex Logistics","description":"From The Baltics To The World","publisher":{"@id":"https:\/\/confidex.lv\/lv\/#organization"},"potentialAction":[{"@type":"SearchAction","target":{"@type":"EntryPoint","urlTemplate":"https:\/\/confidex.lv\/lv\/?s={search_term_string}"},"query-input":{"@type":"PropertyValueSpecification","valueRequired":true,"valueName":"search_term_string"}}],"inLanguage":"lv-LV"},{"@type":"Organization","@id":"https:\/\/confidex.lv\/lv\/#organization","name":"Confidex Logistics","url":"https:\/\/confidex.lv\/lv\/","logo":{"@type":"ImageObject","inLanguage":"lv-LV","@id":"https:\/\/confidex.lv\/lv\/#\/schema\/logo\/image\/","url":"https:\/\/confidex.lv\/wp-content\/uploads\/2025\/05\/Blue-Orange.png","contentUrl":"https:\/\/confidex.lv\/wp-content\/uploads\/2025\/05\/Blue-Orange.png","width":2124,"height":541,"caption":"Confidex Logistics"},"image":{"@id":"https:\/\/confidex.lv\/lv\/#\/schema\/logo\/image\/"},"sameAs":["https:\/\/www.facebook.com\/confidexlogistics","https:\/\/www.linkedin.com\/company\/confidex-logistics\/"]}]}},"_links":{"self":[{"href":"https:\/\/confidex.lv\/lv\/wp-json\/wp\/v2\/pages\/1397","targetHints":{"allow":["GET"]}}],"collection":[{"href":"https:\/\/confidex.lv\/lv\/wp-json\/wp\/v2\/pages"}],"about":[{"href":"https:\/\/confidex.lv\/lv\/wp-json\/wp\/v2\/types\/page"}],"author":[{"embeddable":true,"href":"https:\/\/confidex.lv\/lv\/wp-json\/wp\/v2\/users\/1"}],"replies":[{"embeddable":true,"href":"https:\/\/confidex.lv\/lv\/wp-json\/wp\/v2\/comments?post=1397"}],"version-history":[{"count":2,"href":"https:\/\/confidex.lv\/lv\/wp-json\/wp\/v2\/pages\/1397\/revisions"}],"predecessor-version":[{"id":1426,"href":"https:\/\/confidex.lv\/lv\/wp-json\/wp\/v2\/pages\/1397\/revisions\/1426"}],"wp:attachment":[{"href":"https:\/\/confidex.lv\/lv\/wp-json\/wp\/v2\/media?parent=1397"}],"curies":[{"name":"wp","href":"https:\/\/api.w.org\/{rel}","templated":true}]}}