{"id":1380,"date":"2025-05-12T11:02:40","date_gmt":"2025-05-12T08:02:40","guid":{"rendered":"https:\/\/confidex.lv\/sanemt-piedavajumu\/"},"modified":"2026-02-23T11:42:56","modified_gmt":"2026-02-23T09:42:56","slug":"sanemt-piedavajumu","status":"publish","type":"page","link":"https:\/\/confidex.lv\/lv\/sanemt-piedavajumu\/","title":{"rendered":"Sa\u0146emt pied\u0101v\u0101jumu"},"content":{"rendered":"\t\t<div data-elementor-type=\"wp-page\" data-elementor-id=\"1380\" class=\"elementor elementor-1380 elementor-166\" data-elementor-post-type=\"page\">\n\t\t\t\t<div class=\"elementor-element elementor-element-67d54f4 e-flex e-con-boxed e-con e-parent\" data-id=\"67d54f4\" data-element_type=\"container\" data-e-type=\"container\" data-settings=\"{&quot;background_background&quot;:&quot;classic&quot;}\">\n\t\t\t\t\t<div class=\"e-con-inner\">\n\t\t\t\t<div class=\"elementor-element elementor-element-37566c26 elementor-widget elementor-widget-heading\" data-id=\"37566c26\" data-element_type=\"widget\" data-e-type=\"widget\" data-widget_type=\"heading.default\">\n\t\t\t\t<div class=\"elementor-widget-container\">\n\t\t\t\t\t<h1 class=\"elementor-heading-title elementor-size-default\">Sa\u0146emiet pied\u0101v\u0101jumu<\/h1>\t\t\t\t<\/div>\n\t\t\t\t<\/div>\n\t\t\t\t<div class=\"elementor-element elementor-element-338bb3e7 elementor-widget elementor-widget-heading\" data-id=\"338bb3e7\" data-element_type=\"widget\" data-e-type=\"widget\" data-widget_type=\"heading.default\">\n\t\t\t\t<div class=\"elementor-widget-container\">\n\t\t\t\t\t<h5 class=\"elementor-heading-title elementor-size-default\">K\u0101du pieg\u0101di esat iecer\u0113jis? Aizpildiet t\u0101l\u0101k nor\u0101d\u012bto inform\u0101ciju, lai sa\u0146emtu cenu pied\u0101v\u0101jumu.<\/h5>\t\t\t\t<\/div>\n\t\t\t\t<\/div>\n\t\t\t\t<div class=\"elementor-element elementor-element-7f73955 elementor-button-align-center elementor-tablet-button-align-center elementor-widget elementor-widget-form\" data-id=\"7f73955\" data-element_type=\"widget\" data-e-type=\"widget\" data-settings=\"{&quot;step_next_label&quot;:&quot;N\\u0101kamais&quot;,&quot;step_previous_label&quot;:&quot;Iepriek\\u0161\\u0113jais&quot;,&quot;button_width&quot;:&quot;100&quot;,&quot;step_type&quot;:&quot;number_text&quot;,&quot;step_icon_shape&quot;:&quot;circle&quot;}\" data-widget_type=\"form.default\">\n\t\t\t\t<div class=\"elementor-widget-container\">\n\t\t\t\t\t\t\t<form class=\"elementor-form\" method=\"post\" name=\"Pied\u0101v\u0101juma veidlapa\" aria-label=\"Pied\u0101v\u0101juma veidlapa\">\n\t\t\t<input type=\"hidden\" name=\"post_id\" value=\"1380\"\/>\n\t\t\t<input type=\"hidden\" name=\"form_id\" value=\"7f73955\"\/>\n\t\t\t<input type=\"hidden\" name=\"referer_title\" value=\"%Sa\u0146emt pied\u0101v\u0101jumu no %\" \/>\n\n\t\t\t\t\t\t\t<input type=\"hidden\" name=\"queried_id\" value=\"1380\"\/>\n\t\t\t\n\t\t\t<div class=\"elementor-form-fields-wrapper elementor-labels-\">\n\t\t\t\t\t\t\t\t<div class=\"elementor-field-type-step elementor-field-group elementor-column elementor-field-group-field_affedfb elementor-col-100\">\n\t\t\t\t\t\t\t<div class=\"e-field-step elementor-hidden\" data-label=\"Kontaktinform\u0101cija\" data-previousButton=\"\" data-nextButton=\"\" data-iconUrl=\"\" data-iconLibrary=\"fas fa-star\" data-icon=\"&lt;svg class=&quot;e-font-icon-svg e-fas-star&quot; viewBox=&quot;0 0 576 512&quot; xmlns=&quot;http:\/\/www.w3.org\/2000\/svg&quot;&gt;&lt;path d=&quot;M259.3 17.8L194 150.2 47.9 171.5c-26.2 3.8-36.7 36.1-17.7 54.6l105.7 103-25 145.5c-4.5 26.3 23.2 46 46.4 33.7L288 439.6l130.7 68.7c23.2 12.2 50.9-7.4 46.4-33.7l-25-145.5 105.7-103c19-18.5 8.5-50.8-17.7-54.6L382 150.2 316.7 17.8c-11.7-23.6-45.6-23.9-57.4 0z&quot;&gt;&lt;\/path&gt;&lt;\/svg&gt;\" ><\/div>\n\n\t\t\t\t\t\t<\/div>\n\t\t\t\t\t\t\t\t<div class=\"elementor-field-type-text elementor-field-group elementor-column elementor-field-group-name elementor-col-100 elementor-field-required\">\n\t\t\t\t\t\t\t\t\t\t\t\t<label for=\"form-field-name\" class=\"elementor-field-label elementor-screen-only\">\n\t\t\t\t\t\t\t\tV\u0101rds, uzv\u0101rds\t\t\t\t\t\t\t<\/label>\n\t\t\t\t\t\t\t\t\t\t\t\t\t\t<input size=\"1\" type=\"text\" name=\"form_fields[name]\" id=\"form-field-name\" class=\"elementor-field elementor-size-lg  elementor-field-textual\" placeholder=\"V\u0101rds, uzv\u0101rds*\" required=\"required\">\n\t\t\t\t\t\t\t\t\t\t\t<\/div>\n\t\t\t\t\t\t\t\t<div class=\"elementor-field-type-email elementor-field-group elementor-column elementor-field-group-email elementor-col-100 elementor-field-required\">\n\t\t\t\t\t\t\t\t\t\t\t\t<label for=\"form-field-email\" class=\"elementor-field-label elementor-screen-only\">\n\t\t\t\t\t\t\t\tE-pasta adrese\t\t\t\t\t\t\t<\/label>\n\t\t\t\t\t\t\t\t\t\t\t\t\t\t<input size=\"1\" type=\"email\" name=\"form_fields[email]\" id=\"form-field-email\" class=\"elementor-field elementor-size-lg  elementor-field-textual\" placeholder=\"E-pasta adrese*\" required=\"required\">\n\t\t\t\t\t\t\t\t\t\t\t<\/div>\n\t\t\t\t\t\t\t\t<div class=\"elementor-field-type-tel elementor-field-group elementor-column elementor-field-group-field_6c180a9 elementor-col-100 elementor-field-required\">\n\t\t\t\t\t\t\t\t\t\t\t\t<label for=\"form-field-field_6c180a9\" class=\"elementor-field-label elementor-screen-only\">\n\t\t\t\t\t\t\t\tT\u0101lrunis\t\t\t\t\t\t\t<\/label>\n\t\t\t\t\t\t\t\t<input size=\"1\" type=\"tel\" name=\"form_fields[field_6c180a9]\" id=\"form-field-field_6c180a9\" class=\"elementor-field elementor-size-lg  elementor-field-textual\" placeholder=\"T\u0101lrunis*\" required=\"required\" pattern=\"[0-9()#&amp;+*-=.]+\" title=\"Only numbers and phone characters (#, -, *, etc) are accepted.\">\n\n\t\t\t\t\t\t<\/div>\n\t\t\t\t\t\t\t\t<div class=\"elementor-field-type-step elementor-field-group elementor-column elementor-field-group-field_8ecabc7 elementor-col-100\">\n\t\t\t\t\t\t\t<div class=\"e-field-step elementor-hidden\" data-label=\"Izm\u0113ri\" data-previousButton=\"\" data-nextButton=\"\" data-iconUrl=\"\" data-iconLibrary=\"fas fa-star\" data-icon=\"&lt;svg class=&quot;e-font-icon-svg e-fas-star&quot; viewBox=&quot;0 0 576 512&quot; xmlns=&quot;http:\/\/www.w3.org\/2000\/svg&quot;&gt;&lt;path d=&quot;M259.3 17.8L194 150.2 47.9 171.5c-26.2 3.8-36.7 36.1-17.7 54.6l105.7 103-25 145.5c-4.5 26.3 23.2 46 46.4 33.7L288 439.6l130.7 68.7c23.2 12.2 50.9-7.4 46.4-33.7l-25-145.5 105.7-103c19-18.5 8.5-50.8-17.7-54.6L382 150.2 316.7 17.8c-11.7-23.6-45.6-23.9-57.4 0z&quot;&gt;&lt;\/path&gt;&lt;\/svg&gt;\" ><\/div>\n\n\t\t\t\t\t\t<\/div>\n\t\t\t\t\t\t\t\t<div class=\"elementor-field-type-number elementor-field-group elementor-column elementor-field-group-field_a113bf5 elementor-col-100\">\n\t\t\t\t\t\t\t\t\t\t\t\t<label for=\"form-field-field_a113bf5\" class=\"elementor-field-label elementor-screen-only\">\n\t\t\t\t\t\t\t\tGarums\t\t\t\t\t\t\t<\/label>\n\t\t\t\t\t\t\t\t\t<input type=\"number\" name=\"form_fields[field_a113bf5]\" id=\"form-field-field_a113bf5\" class=\"elementor-field elementor-size-lg  elementor-field-textual\" placeholder=\"Garums\" min=\"\" max=\"\" >\n\t\t\t\t\t\t<\/div>\n\t\t\t\t\t\t\t\t<div class=\"elementor-field-type-number elementor-field-group elementor-column elementor-field-group-field_9a5631f elementor-col-100\">\n\t\t\t\t\t\t\t\t\t\t\t\t<label for=\"form-field-field_9a5631f\" class=\"elementor-field-label elementor-screen-only\">\n\t\t\t\t\t\t\t\tPlatums\t\t\t\t\t\t\t<\/label>\n\t\t\t\t\t\t\t\t\t<input type=\"number\" name=\"form_fields[field_9a5631f]\" id=\"form-field-field_9a5631f\" class=\"elementor-field elementor-size-lg  elementor-field-textual\" placeholder=\"Platums\" min=\"\" max=\"\" >\n\t\t\t\t\t\t<\/div>\n\t\t\t\t\t\t\t\t<div class=\"elementor-field-type-number elementor-field-group elementor-column elementor-field-group-field_9264b06 elementor-col-100\">\n\t\t\t\t\t\t\t\t\t\t\t\t<label for=\"form-field-field_9264b06\" class=\"elementor-field-label elementor-screen-only\">\n\t\t\t\t\t\t\t\tAugstums\t\t\t\t\t\t\t<\/label>\n\t\t\t\t\t\t\t\t\t<input type=\"number\" name=\"form_fields[field_9264b06]\" id=\"form-field-field_9264b06\" class=\"elementor-field elementor-size-lg  elementor-field-textual\" placeholder=\"Augstums\" min=\"\" max=\"\" >\n\t\t\t\t\t\t<\/div>\n\t\t\t\t\t\t\t\t<div class=\"elementor-field-type-number elementor-field-group elementor-column elementor-field-group-field_955b7c5 elementor-col-100 elementor-field-required\">\n\t\t\t\t\t\t\t\t\t\t\t\t<label for=\"form-field-field_955b7c5\" class=\"elementor-field-label elementor-screen-only\">\n\t\t\t\t\t\t\t\tDaudzums*\t\t\t\t\t\t\t<\/label>\n\t\t\t\t\t\t\t\t\t<input type=\"number\" name=\"form_fields[field_955b7c5]\" id=\"form-field-field_955b7c5\" class=\"elementor-field elementor-size-lg  elementor-field-textual\" placeholder=\"Daudzums*\" required=\"required\" min=\"\" max=\"\" >\n\t\t\t\t\t\t<\/div>\n\t\t\t\t\t\t\t\t<div class=\"elementor-field-type-step elementor-field-group elementor-column elementor-field-group-field_dffc53b elementor-col-100\">\n\t\t\t\t\t\t\t<div class=\"e-field-step elementor-hidden\" data-label=\"Pieg\u0101des metode\" data-previousButton=\"\" data-nextButton=\"\" data-iconUrl=\"\" data-iconLibrary=\"fas fa-star\" data-icon=\"&lt;svg class=&quot;e-font-icon-svg e-fas-star&quot; viewBox=&quot;0 0 576 512&quot; xmlns=&quot;http:\/\/www.w3.org\/2000\/svg&quot;&gt;&lt;path d=&quot;M259.3 17.8L194 150.2 47.9 171.5c-26.2 3.8-36.7 36.1-17.7 54.6l105.7 103-25 145.5c-4.5 26.3 23.2 46 46.4 33.7L288 439.6l130.7 68.7c23.2 12.2 50.9-7.4 46.4-33.7l-25-145.5 105.7-103c19-18.5 8.5-50.8-17.7-54.6L382 150.2 316.7 17.8c-11.7-23.6-45.6-23.9-57.4 0z&quot;&gt;&lt;\/path&gt;&lt;\/svg&gt;\" ><\/div>\n\n\t\t\t\t\t\t<\/div>\n\t\t\t\t\t\t\t\t<div class=\"elementor-field-type-checkbox elementor-field-group elementor-column elementor-field-group-field_3d682f6 elementor-col-100\">\n\t\t\t\t\t\t\t\t\t\t\t\t<label for=\"form-field-field_3d682f6\" class=\"elementor-field-label elementor-screen-only\">\n\t\t\t\t\t\t\t\tIzv\u0113lieties metodi\t\t\t\t\t\t\t<\/label>\n\t\t\t\t\t\t<div class=\"elementor-field-subgroup  \"><span class=\"elementor-field-option\"><input type=\"checkbox\" value=\" \" id=\"form-field-field_3d682f6-0\" name=\"form_fields[field_3d682f6][]\"> <label for=\"form-field-field_3d682f6-0\">Izv\u0113lieties metodi <\/label><\/span><span class=\"elementor-field-option\"><input type=\"checkbox\" value=\"Autop\u0101rvad\u0101jums\" id=\"form-field-field_3d682f6-1\" name=\"form_fields[field_3d682f6][]\"> <label for=\"form-field-field_3d682f6-1\">Autop\u0101rvad\u0101jums<\/label><\/span><span class=\"elementor-field-option\"><input type=\"checkbox\" value=\"Dzelzce\u013c\u0161\" id=\"form-field-field_3d682f6-2\" name=\"form_fields[field_3d682f6][]\"> <label for=\"form-field-field_3d682f6-2\">Dzelzce\u013c\u0161<\/label><\/span><span class=\"elementor-field-option\"><input type=\"checkbox\" value=\"Ku\u0123is\" id=\"form-field-field_3d682f6-3\" name=\"form_fields[field_3d682f6][]\"> <label for=\"form-field-field_3d682f6-3\">Ku\u0123is<\/label><\/span><span class=\"elementor-field-option\"><input type=\"checkbox\" value=\"Aviop\u0101rvad\u0101jums\" id=\"form-field-field_3d682f6-4\" name=\"form_fields[field_3d682f6][]\"> <label for=\"form-field-field_3d682f6-4\">Aviop\u0101rvad\u0101jums<\/label><\/span><\/div>\t\t\t\t<\/div>\n\t\t\t\t\t\t\t\t<div class=\"elementor-field-type-text elementor-field-group elementor-column elementor-field-group-field_8c39d73 elementor-col-50\">\n\t\t\t\t\t\t\t\t\t\t\t\t<label for=\"form-field-field_8c39d73\" class=\"elementor-field-label elementor-screen-only\">\n\t\t\t\t\t\t\t\tNo (atra\u0161an\u0101s vieta)\t\t\t\t\t\t\t<\/label>\n\t\t\t\t\t\t\t\t\t\t\t\t\t\t<input size=\"1\" type=\"text\" name=\"form_fields[field_8c39d73]\" id=\"form-field-field_8c39d73\" class=\"elementor-field elementor-size-lg  elementor-field-textual\" placeholder=\"No (atra\u0161an\u0101s vieta)\">\n\t\t\t\t\t\t\t\t\t\t\t<\/div>\n\t\t\t\t\t\t\t\t<div class=\"elementor-field-type-text elementor-field-group elementor-column elementor-field-group-field_e5f55ea elementor-col-50\">\n\t\t\t\t\t\t\t\t\t\t\t\t<label for=\"form-field-field_e5f55ea\" class=\"elementor-field-label elementor-screen-only\">\n\t\t\t\t\t\t\t\tUz (atra\u0161an\u0101s vieta)\t\t\t\t\t\t\t<\/label>\n\t\t\t\t\t\t\t\t\t\t\t\t\t\t<input size=\"1\" type=\"text\" name=\"form_fields[field_e5f55ea]\" id=\"form-field-field_e5f55ea\" class=\"elementor-field elementor-size-lg  elementor-field-textual\" placeholder=\"Uz (atra\u0161an\u0101s vieta)\">\n\t\t\t\t\t\t\t\t\t\t\t<\/div>\n\t\t\t\t\t\t\t\t<div class=\"elementor-field-group elementor-column elementor-field-type-submit elementor-col-100 e-form__buttons\">\n\t\t\t\t\t<button class=\"elementor-button elementor-size-sm\" type=\"submit\">\n\t\t\t\t\t\t<span class=\"elementor-button-content-wrapper\">\n\t\t\t\t\t\t\t\t\t\t\t\t\t\t\t\t\t\t\t\t\t\t<span class=\"elementor-button-text\">Iesniegt<\/span>\n\t\t\t\t\t\t\t\t\t\t\t\t\t<\/span>\n\t\t\t\t\t<\/button>\n\t\t\t\t<\/div>\n\t\t\t<\/div>\n\t\t<\/form>\n\t\t\t\t\t\t<\/div>\n\t\t\t\t<\/div>\n\t\t\t\t\t<\/div>\n\t\t\t\t<\/div>\n\t\t\t\t<\/div>\n\t\t","protected":false},"excerpt":{"rendered":"<p>Sa\u0146emiet pied\u0101v\u0101jumu K\u0101du pieg\u0101di esat iecer\u0113jis? Aizpildiet t\u0101l\u0101k nor\u0101d\u012bto inform\u0101ciju, lai sa\u0146emtu cenu pied\u0101v\u0101jumu.<\/p>\n","protected":false},"author":1,"featured_media":0,"parent":0,"menu_order":0,"comment_status":"closed","ping_status":"closed","template":"elementor_header_footer","meta":{"content-type":"","postBodyCss":"","postBodyMargin":[],"postBodyPadding":[],"postBodyBackground":{"backgroundType":"classic","gradient":""},"footnotes":""},"class_list":["post-1380","page","type-page","status-publish","hentry"],"yoast_head":"<!-- This site is optimized with the Yoast SEO plugin v27.3 - https:\/\/yoast.com\/product\/yoast-seo-wordpress\/ -->\n<title>%Sa\u0146emt pied\u0101v\u0101jumu no %<\/title>\n<meta name=\"description\" content=\"Esiet p\u0101rliecin\u0101ti, ka visas j\u016bsu kravu p\u0101rvad\u0101\u0161anas vajadz\u012bbas tiks izpild\u012btas ar precizit\u0101ti un nedal\u012btu uzman\u012bbu \u2013 sa\u0146emiet Confidex Logistics pied\u0101v\u0101jumu.\" \/>\n<meta name=\"robots\" content=\"index, follow, max-snippet:-1, max-image-preview:large, max-video-preview:-1\" \/>\n<link rel=\"canonical\" href=\"https:\/\/confidex.lv\/lv\/sanemt-piedavajumu\/\" \/>\n<meta property=\"og:locale\" content=\"lv_LV\" \/>\n<meta property=\"og:type\" content=\"article\" \/>\n<meta property=\"og:title\" content=\"%Sa\u0146emt pied\u0101v\u0101jumu no %\" \/>\n<meta property=\"og:description\" content=\"Esiet p\u0101rliecin\u0101ti, ka visas j\u016bsu kravu p\u0101rvad\u0101\u0161anas vajadz\u012bbas tiks izpild\u012btas ar precizit\u0101ti un nedal\u012btu uzman\u012bbu \u2013 sa\u0146emiet Confidex Logistics pied\u0101v\u0101jumu.\" \/>\n<meta property=\"og:url\" content=\"https:\/\/confidex.lv\/lv\/sanemt-piedavajumu\/\" \/>\n<meta property=\"og:site_name\" content=\"Confidex Logistics\" \/>\n<meta property=\"article:publisher\" content=\"https:\/\/www.facebook.com\/confidexlogistics\" \/>\n<meta property=\"article:modified_time\" content=\"2026-02-23T09:42:56+00:00\" \/>\n<meta name=\"twitter:card\" content=\"summary_large_image\" \/>\n<script type=\"application\/ld+json\" class=\"yoast-schema-graph\">{\"@context\":\"https:\\\/\\\/schema.org\",\"@graph\":[{\"@type\":\"WebPage\",\"@id\":\"https:\\\/\\\/confidex.lv\\\/lv\\\/sanemt-piedavajumu\\\/\",\"url\":\"https:\\\/\\\/confidex.lv\\\/lv\\\/sanemt-piedavajumu\\\/\",\"name\":\"%Sa\u0146emt pied\u0101v\u0101jumu no %\",\"isPartOf\":{\"@id\":\"https:\\\/\\\/confidex.lv\\\/lv\\\/#website\"},\"datePublished\":\"2025-05-12T08:02:40+00:00\",\"dateModified\":\"2026-02-23T09:42:56+00:00\",\"description\":\"Esiet p\u0101rliecin\u0101ti, ka visas j\u016bsu kravu p\u0101rvad\u0101\u0161anas vajadz\u012bbas tiks izpild\u012btas ar precizit\u0101ti un nedal\u012btu uzman\u012bbu \u2013 sa\u0146emiet Confidex Logistics pied\u0101v\u0101jumu.\",\"breadcrumb\":{\"@id\":\"https:\\\/\\\/confidex.lv\\\/lv\\\/sanemt-piedavajumu\\\/#breadcrumb\"},\"inLanguage\":\"lv-LV\",\"potentialAction\":[{\"@type\":\"ReadAction\",\"target\":[\"https:\\\/\\\/confidex.lv\\\/lv\\\/sanemt-piedavajumu\\\/\"]}]},{\"@type\":\"BreadcrumbList\",\"@id\":\"https:\\\/\\\/confidex.lv\\\/lv\\\/sanemt-piedavajumu\\\/#breadcrumb\",\"itemListElement\":[{\"@type\":\"ListItem\",\"position\":1,\"name\":\"Home\",\"item\":\"https:\\\/\\\/confidex.lv\\\/lv\\\/sakums\\\/\"},{\"@type\":\"ListItem\",\"position\":2,\"name\":\"Sa\u0146emt pied\u0101v\u0101jumu\"}]},{\"@type\":\"WebSite\",\"@id\":\"https:\\\/\\\/confidex.lv\\\/lv\\\/#website\",\"url\":\"https:\\\/\\\/confidex.lv\\\/lv\\\/\",\"name\":\"Confidex Logistics\",\"description\":\"From The Baltics To The World\",\"publisher\":{\"@id\":\"https:\\\/\\\/confidex.lv\\\/lv\\\/#organization\"},\"potentialAction\":[{\"@type\":\"SearchAction\",\"target\":{\"@type\":\"EntryPoint\",\"urlTemplate\":\"https:\\\/\\\/confidex.lv\\\/lv\\\/?s={search_term_string}\"},\"query-input\":{\"@type\":\"PropertyValueSpecification\",\"valueRequired\":true,\"valueName\":\"search_term_string\"}}],\"inLanguage\":\"lv-LV\"},{\"@type\":\"Organization\",\"@id\":\"https:\\\/\\\/confidex.lv\\\/lv\\\/#organization\",\"name\":\"Confidex Logistics\",\"url\":\"https:\\\/\\\/confidex.lv\\\/lv\\\/\",\"logo\":{\"@type\":\"ImageObject\",\"inLanguage\":\"lv-LV\",\"@id\":\"https:\\\/\\\/confidex.lv\\\/lv\\\/#\\\/schema\\\/logo\\\/image\\\/\",\"url\":\"https:\\\/\\\/confidex.lv\\\/wp-content\\\/uploads\\\/2025\\\/05\\\/Blue-Orange.png\",\"contentUrl\":\"https:\\\/\\\/confidex.lv\\\/wp-content\\\/uploads\\\/2025\\\/05\\\/Blue-Orange.png\",\"width\":2124,\"height\":541,\"caption\":\"Confidex Logistics\"},\"image\":{\"@id\":\"https:\\\/\\\/confidex.lv\\\/lv\\\/#\\\/schema\\\/logo\\\/image\\\/\"},\"sameAs\":[\"https:\\\/\\\/www.facebook.com\\\/confidexlogistics\",\"https:\\\/\\\/www.linkedin.com\\\/company\\\/confidex-logistics\\\/\"]}]}<\/script>\n<!-- \/ Yoast SEO plugin. -->","yoast_head_json":{"title":"%Sa\u0146emt pied\u0101v\u0101jumu no %","description":"Esiet p\u0101rliecin\u0101ti, ka visas j\u016bsu kravu p\u0101rvad\u0101\u0161anas vajadz\u012bbas tiks izpild\u012btas ar precizit\u0101ti un nedal\u012btu uzman\u012bbu \u2013 sa\u0146emiet Confidex Logistics pied\u0101v\u0101jumu.","robots":{"index":"index","follow":"follow","max-snippet":"max-snippet:-1","max-image-preview":"max-image-preview:large","max-video-preview":"max-video-preview:-1"},"canonical":"https:\/\/confidex.lv\/lv\/sanemt-piedavajumu\/","og_locale":"lv_LV","og_type":"article","og_title":"%Sa\u0146emt pied\u0101v\u0101jumu no %","og_description":"Esiet p\u0101rliecin\u0101ti, ka visas j\u016bsu kravu p\u0101rvad\u0101\u0161anas vajadz\u012bbas tiks izpild\u012btas ar precizit\u0101ti un nedal\u012btu uzman\u012bbu \u2013 sa\u0146emiet Confidex Logistics pied\u0101v\u0101jumu.","og_url":"https:\/\/confidex.lv\/lv\/sanemt-piedavajumu\/","og_site_name":"Confidex Logistics","article_publisher":"https:\/\/www.facebook.com\/confidexlogistics","article_modified_time":"2026-02-23T09:42:56+00:00","twitter_card":"summary_large_image","schema":{"@context":"https:\/\/schema.org","@graph":[{"@type":"WebPage","@id":"https:\/\/confidex.lv\/lv\/sanemt-piedavajumu\/","url":"https:\/\/confidex.lv\/lv\/sanemt-piedavajumu\/","name":"%Sa\u0146emt pied\u0101v\u0101jumu no %","isPartOf":{"@id":"https:\/\/confidex.lv\/lv\/#website"},"datePublished":"2025-05-12T08:02:40+00:00","dateModified":"2026-02-23T09:42:56+00:00","description":"Esiet p\u0101rliecin\u0101ti, ka visas j\u016bsu kravu p\u0101rvad\u0101\u0161anas vajadz\u012bbas tiks izpild\u012btas ar precizit\u0101ti un nedal\u012btu uzman\u012bbu \u2013 sa\u0146emiet Confidex Logistics pied\u0101v\u0101jumu.","breadcrumb":{"@id":"https:\/\/confidex.lv\/lv\/sanemt-piedavajumu\/#breadcrumb"},"inLanguage":"lv-LV","potentialAction":[{"@type":"ReadAction","target":["https:\/\/confidex.lv\/lv\/sanemt-piedavajumu\/"]}]},{"@type":"BreadcrumbList","@id":"https:\/\/confidex.lv\/lv\/sanemt-piedavajumu\/#breadcrumb","itemListElement":[{"@type":"ListItem","position":1,"name":"Home","item":"https:\/\/confidex.lv\/lv\/sakums\/"},{"@type":"ListItem","position":2,"name":"Sa\u0146emt pied\u0101v\u0101jumu"}]},{"@type":"WebSite","@id":"https:\/\/confidex.lv\/lv\/#website","url":"https:\/\/confidex.lv\/lv\/","name":"Confidex Logistics","description":"From The Baltics To The World","publisher":{"@id":"https:\/\/confidex.lv\/lv\/#organization"},"potentialAction":[{"@type":"SearchAction","target":{"@type":"EntryPoint","urlTemplate":"https:\/\/confidex.lv\/lv\/?s={search_term_string}"},"query-input":{"@type":"PropertyValueSpecification","valueRequired":true,"valueName":"search_term_string"}}],"inLanguage":"lv-LV"},{"@type":"Organization","@id":"https:\/\/confidex.lv\/lv\/#organization","name":"Confidex Logistics","url":"https:\/\/confidex.lv\/lv\/","logo":{"@type":"ImageObject","inLanguage":"lv-LV","@id":"https:\/\/confidex.lv\/lv\/#\/schema\/logo\/image\/","url":"https:\/\/confidex.lv\/wp-content\/uploads\/2025\/05\/Blue-Orange.png","contentUrl":"https:\/\/confidex.lv\/wp-content\/uploads\/2025\/05\/Blue-Orange.png","width":2124,"height":541,"caption":"Confidex Logistics"},"image":{"@id":"https:\/\/confidex.lv\/lv\/#\/schema\/logo\/image\/"},"sameAs":["https:\/\/www.facebook.com\/confidexlogistics","https:\/\/www.linkedin.com\/company\/confidex-logistics\/"]}]}},"_links":{"self":[{"href":"https:\/\/confidex.lv\/lv\/wp-json\/wp\/v2\/pages\/1380","targetHints":{"allow":["GET"]}}],"collection":[{"href":"https:\/\/confidex.lv\/lv\/wp-json\/wp\/v2\/pages"}],"about":[{"href":"https:\/\/confidex.lv\/lv\/wp-json\/wp\/v2\/types\/page"}],"author":[{"embeddable":true,"href":"https:\/\/confidex.lv\/lv\/wp-json\/wp\/v2\/users\/1"}],"replies":[{"embeddable":true,"href":"https:\/\/confidex.lv\/lv\/wp-json\/wp\/v2\/comments?post=1380"}],"version-history":[{"count":1,"href":"https:\/\/confidex.lv\/lv\/wp-json\/wp\/v2\/pages\/1380\/revisions"}],"predecessor-version":[{"id":1387,"href":"https:\/\/confidex.lv\/lv\/wp-json\/wp\/v2\/pages\/1380\/revisions\/1387"}],"wp:attachment":[{"href":"https:\/\/confidex.lv\/lv\/wp-json\/wp\/v2\/media?parent=1380"}],"curies":[{"name":"wp","href":"https:\/\/api.w.org\/{rel}","templated":true}]}}